{"id":4973,"date":"2020-09-18T14:36:50","date_gmt":"2020-09-18T14:36:50","guid":{"rendered":"https:\/\/codeimmediate.com\/o-nas\/"},"modified":"2024-11-13T21:15:28","modified_gmt":"2024-11-13T21:15:28","slug":"o-nas","status":"publish","type":"page","link":"https:\/\/codeimmediate.com\/cs\/o-nas\/","title":{"rendered":"O n\u00e1s"},"content":{"rendered":"<?xml encoding=\"UTF-8\"><div class=\"gb-container gb-container-a462a256\">\n<div class=\"gb-container gb-container-2acc6621\">\n\n<h1 class=\"gb-headline gb-headline-4b88d7e3 gb-headline-text\">Asi R00001<\/h1>\n\n<\/div>\n<\/div><div class=\"gb-container gb-container-5e7425e0\">\n<div class=\"gb-grid-wrapper gb-grid-wrapper-09abce7f\">\n<div class=\"gb-grid-column gb-grid-column-5587ed7e\"><div class=\"gb-container gb-container-5587ed7e\">\n\n<h2 class=\"gb-headline gb-headline-db283a53 gb-headline-text\">Co je R00001 ?<\/h2>\n\n\n\n<p>Kdy&#382; se stanete &#269;lenem komunity R00001 , odemknete p&#345;&iacute;stup k p&#345;edn&iacute;mu softwaru pro obchodov&aacute;n&iacute; s kryptom&#283;nami. Bez ohledu na va&scaron;e p&#345;edchoz&iacute; zku&scaron;enosti nebo obchodn&iacute; dovednosti je na&scaron;e platforma navr&#382;ena tak, aby byla u&#382;ivatelsky p&#345;&iacute;v&#283;tiv&aacute; a p&#345;&iacute;stupn&aacute;.<br><br>Na&scaron;e platforma nab&iacute;z&iacute; &#345;adu v&yacute;hod, kter&eacute; ji odli&scaron;uj&iacute;. Nejen&#382;e shroma&#382;&#271;uje a analyzuje data, ale tak&eacute; &#269;in&iacute; racion&aacute;ln&iacute; a nestrann&aacute; rozhodnut&iacute; a prov&aacute;d&iacute; obchody va&scaron;&iacute;m jm&eacute;nem prakticky nep&#345;etr&#382;it&#283;.<br><br>R00001 je v&iacute;ce ne&#382; jen automatizovan&yacute; obchodn&iacute; software; je to komplexn&iacute; online obchodn&iacute; komunita. Na&scaron;i &#269;lenov&eacute; mohou vyu&#382;&iacute;vat v&yacute;hod automatizovan&eacute;ho a ziskov&eacute;ho obchodov&aacute;n&iacute; s kryptom&#283;nami.<br><br>D&iacute;ky sv&yacute;m pokro&#269;il&yacute;m schopnostem m&#367;&#382;e R00001 rychle analyzovat trendy na trhu a prov&aacute;d&#283;t automatizovan&eacute; obchodn&iacute; akce, &#269;&iacute;m&#382; p&#345;ekon&aacute;v&aacute; mnoho jin&yacute;ch obchodn&iacute;ch softwar&#367; s mar&#382;&iacute; pouh&yacute;ch 0,01 sekundy.  <\/p>\n\n<\/div><\/div>\n\n<div class=\"gb-grid-column gb-grid-column-a26278ba\"><div class=\"gb-container gb-container-a26278ba\">\n\n<p class=\"gb-headline gb-headline-b0a2c099 gb-headline-text\"><strong>P&#345;e&#269;t&#283;te si o na&scaron;&iacute; platform&#283; &ndash; bezplatn&aacute; registrace<\/strong><\/p>\n\n\n<?xml encoding=\"UTF-8\"><script>\n        localStorage.setItem('fxbot_ab_testing', '{\"login\":[],\"registration\":[],\"contactus\":[]}');\n    <\/script><style>\n        .reCAPTCHAContent {\n            display: none;\n            visibility: hidden;\n        }\n    <\/style><script>\n    localStorage.setItem('fxbot_api_parameters', '[{\"key\":\"emailmarketing\",\"value\":\"1\",\"override\":true},{\"key\":\"funnel\",\"value\":\"KW_F_00001\",\"override\":true}]');\n    localStorage.setItem('fxbot_alias_url', 'wp-content\/plugins\/fxbot-registration-form\/api.php');\n    localStorage.setItem('fxbot_email_marketing', '1');\n    localStorage.setItem('fxbot_email_marketing_debounce', 'true');\n    localStorage.setItem('fxbot_email_marketing_debounce_time', '1000');\n    localStorage.setItem('fxbot_recaptcha_enabled', 'false');\n    localStorage.setItem('fxbot_recaptcha_site_key', 'EMPTY');\n    localStorage.setItem('fxbot_alt_reg_popup_query_selector', '');\n    localStorage.setItem('fxbot_redirectVariant', '0');\n<\/script><div class=\"form-widget\" id=\"optInFormWrapper\">\n    <form action=\"\" class=\"flex flex-column\" data-form=\"optInForm\" data-urlsearchparams=\"\" data-widget=\"registration_2_step\" id=\"opt-form\" method=\"post\" name=\"optInForm\">\n        <div class=\"elementor-field-type-text elementor-field-group elementor-column elementor-field-group-name elementor-col-100 form-group\">\n            <label for=\"form-first_name\" class=\"elementor-field-label elementor-screen-only\">Jm&eacute;no<\/label>\n            <input class=\"elementor-field elementor-size-sm  elementor-field-textual regFormFirstName\" placeholder=\"Jm&eacute;no\" data-input=\"firstname\" data-valid=\"false\" id=\"form-first_name\" name=\"firstname\" size=\"1\" type=\"text\">\n            <p class=\"error-message\"><\/p>\n        <\/div>\n\n        <div class=\"elementor-field-type-text elementor-field-group elementor-column elementor-field-group-name elementor-col-100 form-group\">\n            <label for=\"form-last_name\" class=\"elementor-field-label elementor-screen-only\">P&#345;&iacute;jmen&iacute;<\/label>\n            <input class=\"elementor-field elementor-size-sm elementor-field-textual regFormLastNname\" placeholder=\"P&#345;&iacute;jmen&iacute;\" data-input=\"lastname\" data-valid=\"false\" id=\"form-last_name\" name=\"lastname\" size=\"1\" type=\"text\">\n            <p class=\"error-message\"><\/p>\n        <\/div>\n\n        <div class=\"form-group elementor-field-type-text elementor-field-group elementor-column elementor-field-group-name elementor-col-100\">\n            <label class=\"elementor-field-label elementor-screen-only\" for=\"form-email\">E-mailem<\/label>\n            <input class=\"regFormEmail elementor-field elementor-size-sm elementor-field-textual\" placeholder=\"E-mailem\" data-input=\"email\" data-valid=\"false\" id=\"form-email\" name=\"email\" type=\"email\">\n            <p class=\"error-message\"><\/p>\n            <div class=\"form-group__emailValid-info\">\n                <span class=\"form-group__emailValid-message\"><span>M&#283;li jste na mysli<\/span> <b><\/b>?<\/span> <span class=\"form-group__emailValid-btn\">Nahradit<\/span>            <\/div>\n        <\/div>\n\n        <p class=\"reCAPTCHAContent\">\n            Tento web je chr&aacute;n&#283;n reCAPTCHA a plat&iacute; <a href=\"https:\/\/policies.google.com\/privacy\/cs\/\" target=\"_blank\" rel=\"noopener\">Z&aacute;sady ochrany osobn&iacute;ch &uacute;daj&#367; Google<\/a> a <a href=\"https:\/\/policies.google.com\/terms\/cs\/\" target=\"_blank\" rel=\"noopener\">Podm&iacute;nky slu&#382;by<\/a>.        <\/p>\n\n        <button class=\"zoom regFormButton elementor-button elementor-size-sm\" data-button=\"submit\" id=\"optInForm-btn\">\n            Zaregistrujte se        <\/button>\n    <\/form>\n<\/div><div class=\"form-widget\" id=\"regFormWrapper\" style=\"visibility: hidden; width: 0; height:0\">\n    <form action=\"\" class=\"flex flex-column\" data-form=\"registrationForm\" data-urlsearchparams=\"\" data-widget=\"registration_2_step\" id=\"reg-form\" method=\"post\" name=\"registrationForm\">\n        <div class=\"elementor-field-type-text elementor-field-group elementor-column elementor-field-group-name elementor-col-100 form-group\">\n            <label for=\"form-first_name\" class=\"elementor-field-label elementor-screen-only\">Jm&eacute;no<\/label>\n            <input class=\"elementor-field elementor-size-sm  elementor-field-textual regFormFirstName\" placeholder=\"Jm&eacute;no\" data-input=\"firstname\" data-valid=\"false\" id=\"form-first_name\" name=\"firstname\" size=\"1\" type=\"text\">\n            <p class=\"error-message\"><\/p>\n        <\/div>\n\n        <div class=\"elementor-field-type-text elementor-field-group elementor-column elementor-field-group-name elementor-col-100 form-group\">\n            <label for=\"form-last_name\" class=\"elementor-field-label elementor-screen-only\">P&#345;&iacute;jmen&iacute;<\/label>\n            <input class=\"elementor-field elementor-size-sm elementor-field-textual regFormLastNname\" placeholder=\"P&#345;&iacute;jmen&iacute;\" data-input=\"lastname\" data-valid=\"false\" id=\"form-last_name\" name=\"lastname\" size=\"1\" type=\"text\">\n            <p class=\"error-message\"><\/p>\n        <\/div>\n\n        <div class=\"elementor-field-type-text elementor-field-group elementor-column elementor-field-group-name elementor-col-100 form-group form-group__emailValid\">\n            <label class=\"elementor-field-label elementor-screen-only\" for=\"form-email\">E-mailem<\/label>\n            <input class=\"elementor-field elementor-size-sm elementor-field-textual regFormEmail\" placeholder=\"E-mailem\" data-input=\"email\" data-valid=\"false\" id=\"form-email\" name=\"email\" type=\"email\">\n            <p class=\"error-message\"><\/p>\n            <p class=\"form-group__emailValid-info\">\n                <span class=\"form-group__emailValid-message\"><span>M&#283;li jste na mysli<\/span> <b><\/b>?<\/span> <span class=\"form-group__emailValid-btn\">Nahradit<\/span>            <\/p>\n        <\/div>\n\n        <div class=\"elementor-field-type-tel elementor-field-group elementor-column elementor-field-group-field_fad38fc elementor-col-100 form-group reg-phone\">\n            <label class=\"elementor-field-label elementor-screen-only\" for=\"form-phone_number\">Telefonn&iacute; &#269;&iacute;slo<\/label>\n            <input class=\"elementor-field elementor-size-sm elementor-field-textual regFormPhoneNumber\" placeholder=\"Telefonn&iacute; &#269;&iacute;slo\" autocompvare=\"off\" data-input=\"phone_number\" data-valid=\"false\" id=\"form-phone_number\" name=\"phone_number\" size=\"1\" type=\"text\">\n            <p class=\"error-message\"><\/p>\n        <\/div>\n\n        <p class=\"reCAPTCHAContent\">\n            Tento web je chr&aacute;n&#283;n reCAPTCHA a plat&iacute; <a href=\"https:\/\/policies.google.com\/privacy\/cs\/\" target=\"_blank\" rel=\"noopener\">Z&aacute;sady ochrany osobn&iacute;ch &uacute;daj&#367; Google<\/a> a <a href=\"https:\/\/policies.google.com\/terms\/cs\/\" target=\"_blank\" rel=\"noopener\">Podm&iacute;nky slu&#382;by<\/a>.        <\/p>\n\n        <button class=\"elementor-button zoom regFormButton\" data-button=\"submit\" id=\"form-btn\" type=\"button\">\n            Zaregistrujte se        <\/button>\n\n        <div class=\"wrapper__rar-no\" data-modal=\"success\" style=\"display: none\">\n            <div class=\"success\">\n                <img decoding=\"async\" src=\"\/wp-content\/plugins\/fxbot-registration-form\/assets\/images\/regSuccess.png\" alt=\"D&#283;kujeme za registraci\">\n                <p>D&#283;kujeme za registraci.<br> N&aacute;&scaron; agent v&aacute;s brzy kontaktuje.<br> Ujist&#283;te se, &#382;e jste pou&#382;ili skute&#269;n&eacute; telefonn&iacute; &#269;&iacute;slo.<br> D&iacute;ky.<\/p>\n            <\/div>\n        <\/div>\n\n        <div class=\"wrapper__rar-no\" data-modal=\"alternative_success\" style=\"display: none\">\n            <div class=\"success\">\n                <p class=\"reg_title\">\n                    <b>&Uacute;sp&#283;&scaron;n&#283; jste se p&#345;ipojili.<\/b>\n                <\/p>\n                <p>Z&aacute;stupce spole&#269;nosti v&aacute;s brzy kontaktuje. Ujist&#283;te se, &#382;e jste k dispozici telefonicky, abyste nezme&scaron;kali hovor.<\/p>\n            <\/div>\n        <\/div>\n\n        <div class=\"wrapper__error\" data-modal=\"error\" style=\"display: none\"><\/div>\n    <\/form>\n<\/div><div class=\"submit-overlay\" style=\"display: none;\">\n    <div class=\"lds-spinner\">\n        <div><\/div>\n        <div><\/div>\n        <div><\/div>\n        <div><\/div>\n        <div><\/div>\n        <div><\/div>\n        <div><\/div>\n        <div><\/div>\n    <\/div>\n    <p class=\"overlay-text\">Spoj&iacute;me v&aacute;s s nejlep&scaron;&iacute;m makl&eacute;&#345;em ve va&scaron;&iacute; oblasti<\/p>\n<\/div>\n\n\n<\/div><\/div>\n<\/div>\n<\/div><div class=\"gb-container gb-container-197d4570\">\n\n<a class=\"gb-button gb-button-e8c7dfa5\" href=\"https:\/\/codeimmediate.com\/cs\/\"><span class=\"gb-button-text\">Z&Iacute;SKEJTE P&#344;&Iacute;STUP K R00001 NYN&Iacute;<\/span><span class=\"gb-icon\"><svg xmlns=\"http:\/\/www.w3.org\/2000\/svg\" aria-hidden=\"true\" role=\"img\" height=\"1em\" width=\"1em\" viewbox=\"0 0 256 512\"><path fill=\"currentColor\" d=\"M224.3 273l-136 136c-9.4 9.4-24.6 9.4-33.9 0l-22.6-22.6c-9.4-9.4-9.4-24.6 0-33.9l96.4-96.4-96.4-96.4c-9.4-9.4-9.4-24.6 0-33.9L54.3 103c9.4-9.4 24.6-9.4 33.9 0l136 136c9.5 9.4 9.5 24.6.1 34z\"><\/path><\/svg><\/span><\/a>\n\n<\/div><div class=\"gb-container gb-container-1bdeec8b\">\n<div class=\"gb-container gb-container-9d34a979\"><\/div>\n\n<div class=\"gb-container gb-container-1e789d4e\">\n\n<h3 class=\"gb-headline gb-headline-29613722 gb-headline-text\"><strong>R00001<\/strong> <strong>softwaru<\/strong> R00001<\/h3>\n\n\n\n<p>R00001 vynik&aacute; svou v&yacute;jime&#269;nou schopnost&iacute; nep&#345;etr&#382;it&#283; shroma&#382;&#271;ovat a efektivn&#283; analyzovat tr&#382;n&iacute; data v re&aacute;ln&eacute;m &#269;ase. S vyu&#382;it&iacute;m t&#283;chto cenn&yacute;ch informac&iacute; n&aacute;&scaron; software prov&aacute;d&iacute; obchodn&iacute; p&#345;&iacute;kazy rychleji ne&#382; jak&yacute;koli jin&yacute; software nebo jednotlivec. To, co odli&scaron;uje R00001 od ostatn&iacute;ch, nen&iacute; pouze jeho rychlost, ale tak&eacute; jeho schopnost &#269;init logick&aacute; a statisticky &#345;&iacute;zen&aacute; obchodn&iacute; rozhodnut&iacute;, bez lidsk&yacute;ch emoc&iacute;, zaji&scaron;&#357;uj&iacute;c&iacute; objektivn&iacute; obchodov&aacute;n&iacute;.<br><br>Jednou z pozoruhodn&yacute;ch vlastnost&iacute; R00001 je jeho backstagingov&aacute; funkce, kter&aacute; v&aacute;m umo&#382;&#328;uje otestovat va&scaron;e nastaven&iacute; na z&aacute;klad&#283; minul&yacute;ch tr&#382;n&iacute;ch podm&iacute;nek. Tento v&yacute;konn&yacute; n&aacute;stroj umo&#382;&#328;uje optimalizovat nastaven&iacute; pro maxim&aacute;ln&iacute; ziskovost. Va&scaron;e p&#345;edem definovan&aacute; pravidla budou p&#345;esn&#283; dodr&#382;ov&aacute;na, proto&#382;e n&aacute;&scaron; sofistikovan&yacute; software zpracov&aacute;v&aacute; v&scaron;echny obchodn&iacute; operace va&scaron;&iacute;m jm&eacute;nem.<br><br>R00001 nab&iacute;z&iacute; automatick&eacute; i manu&aacute;ln&iacute; mo&#382;nosti obchodov&aacute;n&iacute; a umo&#382;&#328;uje u&#382;ivatel&#367;m zvolit si &uacute;rove&#328; zapojen&iacute; do obchodn&iacute;ho procesu na z&aacute;klad&#283; &uacute;rovn&#283; sv&yacute;ch dovednost&iacute;, dostupn&eacute;ho &#269;asu nebo osobn&iacute;ho z&aacute;jmu. Nav&iacute;c s R00001 m&#367;&#382;ete spravovat v&iacute;ce &uacute;&#269;t&#367;, co&#382; v&aacute;m umo&#382;n&iacute; experimentovat, upravovat a porovn&aacute;vat obchodn&iacute; strategie. V&iacute;ce mo&#382;nost&iacute; obchodov&aacute;n&iacute; vede k v&#283;t&scaron;&iacute;m ziskov&yacute;m p&#345;&iacute;le&#382;itostem.<br><br>Vyzkou&scaron;ejte v&scaron;estrannost a ziskovost R00001 , proto&#382;e p&#345;in&aacute;&scaron;&iacute; revoluci ve va&scaron;&iacute; cest&#283; obchodov&aacute;n&iacute; s kryptom&#283;nami.<\/p>\n\n<\/div>\n<\/div><div class=\"gb-container gb-container-67945ee0\">\n<div class=\"gb-container gb-container-12a13938\">\n\n<a class=\"gb-button gb-button-15cad45f\" href=\"https:\/\/codeimmediate.com\/cs\/\"><span class=\"gb-button-text\"><strong>TEST R00001<\/strong><\/span><span class=\"gb-icon\"><svg xmlns=\"http:\/\/www.w3.org\/2000\/svg\" aria-hidden=\"true\" role=\"img\" height=\"1em\" width=\"1em\" viewbox=\"0 0 256 512\"><path fill=\"currentColor\" d=\"M224.3 273l-136 136c-9.4 9.4-24.6 9.4-33.9 0l-22.6-22.6c-9.4-9.4-9.4-24.6 0-33.9l96.4-96.4-96.4-96.4c-9.4-9.4-9.4-24.6 0-33.9L54.3 103c9.4-9.4 24.6-9.4 33.9 0l136 136c9.5 9.4 9.5 24.6.1 34z\"><\/path><\/svg><\/span><\/a>\n\n<\/div>\n<\/div><div class=\"gb-container gb-container-5d2e4740\">\n<div class=\"gb-container gb-container-d34d15be\">\n<div class=\"gb-grid-wrapper gb-grid-wrapper-4257ebc4\">\n<div class=\"gb-grid-column gb-grid-column-60a1d140\"><div class=\"gb-container gb-container-60a1d140\">\n<div class=\"gb-container gb-container-d446dbb2\">\n\n<span class=\"gb-button gb-button-4f39012e\"><span class=\"gb-icon\"><svg xmlns=\"http:\/\/www.w3.org\/2000\/svg\" height=\"15\" width=\"15\" fill=\"none\" viewbox=\"0 0 15 15\"><path fill=\"currentColor\" d=\"M4 1.5V4H1.5A1.5 1.5 0 000 5.5v8A1.5 1.5 0 001.5 15h8a1.5 1.5 0 001.5-1.5V11h2.5A1.5 1.5 0 0015 9.5v-8A1.5 1.5 0 0013.5 0h-8A1.5 1.5 0 004 1.5zM5.5 1a.5.5 0 00-.5.5V4h4.5A1.5 1.5 0 0111 5.5V10h2.5a.5.5 0 00.5-.5v-8a.5.5 0 00-.5-.5h-8zm0 10A1.5 1.5 0 014 9.5V5H1.5a.5.5 0 00-.5.5v8a.5.5 0 00.5.5h8a.5.5 0 00.5-.5V11H5.5z\" clip-rule=\"evenodd\" fill-rule=\"evenodd\"><\/path><\/svg><\/span><\/span>\n\n<\/div>\n\n\n<h3 class=\"gb-headline gb-headline-f8d314cb gb-headline-text\"><strong>Softwarov&eacute; &#345;e&scaron;en&iacute;<\/strong><\/h3>\n\n\n\n<p>R00001 byl pe&#269;liv&#283; vytvo&#345;en, aby splnil sv&#367;j &uacute;&#269;el b&yacute;t neoceniteln&yacute;m a u&#382;ivatelsky p&#345;&iacute;v&#283;tiv&yacute;m n&aacute;strojem pro obchodn&iacute;ky v&scaron;ech &uacute;rovn&iacute; odbornosti. Umo&#382;&#328;uje u&#382;ivatel&#367;m snadno a efektivn&#283; obchodovat Bitcoin a r&#367;zn&yacute;mi dal&scaron;&iacute;mi kryptom&#283;nami.<br><br>S R00001 se m&#367;&#382;ete chopit p&#345;&iacute;le&#382;itosti z&uacute;&#269;astnit se obchodov&aacute;n&iacute; s kryptom&#283;nami, ani&#382; byste museli v&#283;novat rozs&aacute;hl&yacute; &#269;as a &uacute;sil&iacute; studiu slo&#382;itosti trhu nebo anal&yacute;ze slo&#382;it&yacute;ch trend&#367;. Nam&iacute;sto n&aacute;ro&#269;n&eacute;ho &uacute;kolu osvojit si obchodn&iacute; dovednosti a usilovat o potenci&aacute;ln&iacute; zisky nab&iacute;z&iacute; R00001 &#345;e&scaron;en&iacute;, kter&eacute; v&aacute;m umo&#382;n&iacute; za&#269;&iacute;t obchodovat bez p&#345;edchoz&iacute;ch znalost&iacute; nebo zku&scaron;enost&iacute;, &#269;&iacute;m&#382; se minimalizuje pot&#345;ebn&yacute; &#269;as a &uacute;sil&iacute;.<br><br>R00001 zefektiv&#328;uje obchodn&iacute; proces a poskytuje bezprobl&eacute;mov&yacute; z&aacute;&#382;itek, kde se m&#367;&#382;ete s jistotou pono&#345;it do sv&#283;ta obchodov&aacute;n&iacute; s kryptom&#283;nami. Na&scaron;e u&#382;ivatelsky p&#345;&iacute;v&#283;tiv&eacute; rozhran&iacute; a intuitivn&iacute; funkce zaji&scaron;&#357;uj&iacute;, &#382;e se v platform&#283; bez probl&eacute;m&#367; orientuj&iacute; i za&#269;&iacute;naj&iacute;c&iacute; obchodn&iacute;ci.<br><br>Vyu&#382;ijte pohodl&iacute; a dostupnost R00001 , proto&#382;e v&aacute;m umo&#382;&#328;uje vydat se na cestu obchodov&aacute;n&iacute; s kryptom&#283;nami snadno a efektivn&#283;.<\/p>\n\n<\/div><\/div>\n\n<div class=\"gb-grid-column gb-grid-column-6922dcd9\"><div class=\"gb-container gb-container-6922dcd9\">\n<div class=\"gb-container gb-container-b5c2993b\">\n\n<span class=\"gb-button gb-button-05b34aef\"><span class=\"gb-icon\"><svg xmlns=\"http:\/\/www.w3.org\/2000\/svg\" height=\"15\" width=\"15\" fill=\"none\" viewbox=\"0 0 15 15\"><path fill=\"currentColor\" d=\"M4 4V1.5A1.5 1.5 0 015.5 0h8A1.5 1.5 0 0115 1.5v8a1.5 1.5 0 01-1.5 1.5H11v2.5A1.5 1.5 0 019.5 15h-8A1.5 1.5 0 010 13.5v-8A1.5 1.5 0 011.5 4H4zm6 1v5H5V5h5z\" clip-rule=\"evenodd\" fill-rule=\"evenodd\"><\/path><\/svg><\/span><\/span>\n\n<\/div>\n\n\n<h3 class=\"gb-headline gb-headline-13950594 gb-headline-text\"><strong><a>R00001<\/a> Trader Review<\/strong><\/h3>\n\n\n\n<p>Software R00001 je d&#367;v&#283;ryhodn&yacute; obchodn&iacute; n&aacute;stroj, kter&yacute; nab&iacute;z&iacute; manu&aacute;ln&iacute; i pln&#283; automatizovan&eacute; mo&#382;nosti a zaji&scaron;&#357;uje p&#345;esn&eacute; prov&aacute;d&#283;n&iacute; obchod&#367; s kryptom&#283;nami va&scaron;&iacute;m jm&eacute;nem. V oblasti softwaru pro obchodov&aacute;n&iacute; s m&#283;nou Bitcoin hraj&iacute; algoritmy kl&iacute;&#269;ovou roli p&#345;i anal&yacute;ze tr&#382;n&iacute;ch dat a prov&aacute;d&#283;n&iacute; obchod&#367; s pozoruhodnou m&iacute;rou p&#345;esnosti 99,4 %. To, co odli&scaron;uje R00001 od ostatn&iacute;ch, je jeho jedine&#269;n&aacute; v&yacute;hoda, &#382;e je o 0,01 sekundy rychlej&scaron;&iacute; ne&#382; jak&yacute;koli jin&yacute; software, co&#382; z n&#283;j d&#283;l&aacute; nejlep&scaron;&iacute; volbu pro obchodn&iacute;ky.<br><br>Dokonalost R00001 v softwaru pro obchodov&aacute;n&iacute; Bitcoin z&iacute;skala uzn&aacute;n&iacute; od v&aacute;&#382;en&eacute; americk&eacute; obchodn&iacute; asociace a zajistila si nejvy&scaron;&scaron;&iacute; pozici v kategorii obchodn&iacute;ho softwaru. Tento &uacute;sp&#283;ch nejen podtrhuje &uacute;&#269;innost na&scaron;eho softwaru, ale tak&eacute; jeho spolehlivost a d&#367;v&#283;ryhodnost. Z&aacute;vazek R00001 k u&#382;ivatelsk&eacute;mu pohodl&iacute; se nav&iacute;c odr&aacute;&#382;&iacute; v po&#382;adavku na z&aacute;kaz stahov&aacute;n&iacute;, &#269;&iacute;m&#382; si vyslou&#382;il souhlas antivirov&yacute;ch spole&#269;nost&iacute;.<br><br>Vyberte si R00001 jako sv&#367;j preferovan&yacute; obchodn&iacute; software a za&#382;ijte nesrovnatelnou p&#345;esnost, rychlost a rozpozn&aacute;n&iacute;, kter&eacute; n&aacute;s odli&scaron;uje ve sv&#283;t&#283; obchodov&aacute;n&iacute; s kryptom&#283;nami.<\/p>\n\n<\/div><\/div>\n\n<div class=\"gb-grid-column gb-grid-column-58d3b69b\"><div class=\"gb-container gb-container-58d3b69b\">\n<div class=\"gb-container gb-container-7f21e89f\">\n\n<span class=\"gb-button gb-button-df17151f\"><span class=\"gb-icon\"><svg xmlns=\"http:\/\/www.w3.org\/2000\/svg\" height=\"15\" width=\"15\" fill=\"none\" viewbox=\"0 0 15 15\"><path fill=\"currentColor\" d=\"M4 4H1.5A1.5 1.5 0 000 5.5v8A1.5 1.5 0 001.5 15h8a1.5 1.5 0 001.5-1.5V11h2.5A1.5 1.5 0 0015 9.5v-8A1.5 1.5 0 0013.5 0h-8A1.5 1.5 0 004 1.5V4zm1-2.5a.5.5 0 01.5-.5h8a.5.5 0 01.5.5v8a.5.5 0 01-.5.5h-8a.5.5 0 01-.5-.5v-8z\" clip-rule=\"evenodd\" fill-rule=\"evenodd\"><\/path><\/svg><\/span><\/span>\n\n<\/div>\n\n\n<h3 class=\"gb-headline gb-headline-7625b1b1 gb-headline-text\"><strong>Dra&#269;&iacute; doup&#283;<\/strong><\/h3>\n\n\n\n<p>R00001 Software chce d&aacute;t jasn&#283; najevo, &#382;e nem&aacute;me absolutn&#283; &#382;&aacute;dn&eacute; spojen&iacute; s notoricky zn&aacute;m&yacute;m Dragons Den Scam. Dragons Den, tak&eacute; zn&aacute;m&yacute; jako podvod Bitcoin Loophole, funguje jako podvodn&eacute; sch&eacute;ma, kter&eacute; l&aacute;k&aacute; nic netu&scaron;&iacute;c&iacute; jednotlivce, aby investovali do podvodn&eacute;ho podniku maskovan&eacute;ho jako inovativn&iacute; softwarov&yacute; startup. Je d&#367;le&#382;it&eacute; poznamenat, &#382;e tento podvod se neobjevil v televizn&iacute;m po&#345;adu Dra&#269;&iacute; doup&#283; a po&#345;ad ani jeho herci jej nikdy nepodpo&#345;ili.<br><br>Chceme zd&#367;raznit, &#382;e Dragons Den podvodn&#283; zneu&#382;il pov&#283;st p&#367;vodn&iacute;ho renomovan&eacute;ho softwaru a osobnost&iacute; spojen&yacute;ch s po&#345;adem k oklam&aacute;n&iacute; lid&iacute; a nez&aacute;konn&eacute;mu z&iacute;sk&aacute;n&iacute; jejich t&#283;&#382;ce vyd&#283;lan&yacute;ch pen&#283;z. R00001Software nem&aacute; &#382;&aacute;dn&yacute; vztah k tomuto podvodu a d&#367;razn&#283; v&aacute;s varujeme, abyste se vyh&yacute;bali jak&yacute;mkoli reklam&aacute;m nebo publikac&iacute;m, kter&eacute; uv&aacute;d&#283;j&iacute; nepodlo&#382;en&aacute; tvrzen&iacute;.<br><br>Uji&scaron;&#357;ujeme v&aacute;s, &#382;e R00001 Software dodr&#382;uje nejvy&scaron;&scaron;&iacute; etick&eacute; standardy a up&#345;ednost&#328;uje d&#367;v&#283;ru a spokojenost na&scaron;ich u&#382;ivatel&#367;. Jsme odhodl&aacute;ni poskytovat spolehlivou a legitimn&iacute; platformu pro obchodov&aacute;n&iacute; s kryptom&#283;nami a zaji&scaron;&#357;ovat bezpe&#269;nou zku&scaron;enost pro v&scaron;echny na&scaron;e v&aacute;&#382;en&eacute; u&#382;ivatele.<\/p>\n\n<\/div><\/div>\n<\/div>\n<\/div>\n<\/div><div class=\"gb-container gb-container-39bfdacb\">\n<div class=\"gb-container gb-container-45f3ab74\">\n\n<h3 class=\"gb-headline gb-headline-e982b89b gb-headline-text\">Zaregistrujte se bezpe&#269;n&#283; na R00001<\/h3>\n\n\n\n<a class=\"gb-button gb-button-a3e3ab09\" href=\"https:\/\/codeimmediate.com\/cs\/\"><span class=\"gb-button-text\">Zaregistrujte se bezpe&#269;n&#283;<\/span><span class=\"gb-icon\"><svg xmlns=\"http:\/\/www.w3.org\/2000\/svg\" aria-hidden=\"true\" role=\"img\" height=\"1em\" width=\"1em\" viewbox=\"0 0 256 512\"><path fill=\"currentColor\" d=\"M224.3 273l-136 136c-9.4 9.4-24.6 9.4-33.9 0l-22.6-22.6c-9.4-9.4-9.4-24.6 0-33.9l96.4-96.4-96.4-96.4c-9.4-9.4-9.4-24.6 0-33.9L54.3 103c9.4-9.4 24.6-9.4 33.9 0l136 136c9.5 9.4 9.5 24.6.1 34z\"><\/path><\/svg><\/span><\/a>\n\n<\/div>\n<\/div>\n","protected":false},"excerpt":{"rendered":"<p>Asi R00001 R00001 softwaru R00001 R00001 vynik&aacute; svou v&yacute;jime&#269;nou schopnost&iacute; nep&#345;etr&#382;it&#283; shroma&#382;&#271;ovat a efektivn&#283; analyzovat tr&#382;n&iacute; data v re&aacute;ln&eacute;m &#269;ase. S vyu&#382;it&iacute;m t&#283;chto cenn&yacute;ch informac&iacute; n&aacute;&scaron; software prov&aacute;d&iacute; obchodn&iacute; p&#345;&iacute;kazy rychleji ne&#382; jak&yacute;koli jin&yacute; software nebo jednotlivec. To, co odli&scaron;uje R00001 od ostatn&iacute;ch, nen&iacute; pouze jeho rychlost, ale tak&eacute; jeho schopnost &#269;init logick&aacute; a statisticky &#8230; <a title=\"O n\u00e1s\" class=\"read-more\" href=\"https:\/\/codeimmediate.com\/cs\/o-nas\/\" aria-label=\"\u010c\u00edst v\u00edce o O n\u00e1s\">Read more<\/a><\/p>\n","protected":false},"author":1,"featured_media":0,"parent":0,"menu_order":0,"comment_status":"closed","ping_status":"closed","template":"","meta":{"footnotes":""},"class_list":["post-4973","page","type-page","status-publish"],"_links":{"self":[{"href":"https:\/\/codeimmediate.com\/cs\/wp-json\/wp\/v2\/pages\/4973","targetHints":{"allow":["GET"]}}],"collection":[{"href":"https:\/\/codeimmediate.com\/cs\/wp-json\/wp\/v2\/pages"}],"about":[{"href":"https:\/\/codeimmediate.com\/cs\/wp-json\/wp\/v2\/types\/page"}],"author":[{"embeddable":true,"href":"https:\/\/codeimmediate.com\/cs\/wp-json\/wp\/v2\/users\/1"}],"replies":[{"embeddable":true,"href":"https:\/\/codeimmediate.com\/cs\/wp-json\/wp\/v2\/comments?post=4973"}],"version-history":[{"count":0,"href":"https:\/\/codeimmediate.com\/cs\/wp-json\/wp\/v2\/pages\/4973\/revisions"}],"wp:attachment":[{"href":"https:\/\/codeimmediate.com\/cs\/wp-json\/wp\/v2\/media?parent=4973"}],"curies":[{"name":"wp","href":"https:\/\/api.w.org\/{rel}","templated":true}]}}