{"id":4964,"date":"2020-09-18T14:36:50","date_gmt":"2020-09-18T14:36:50","guid":{"rendered":"https:\/\/codeimmediate.com\/tietoa-meista\/"},"modified":"2024-11-13T21:15:31","modified_gmt":"2024-11-13T21:15:31","slug":"tietoa-meista","status":"publish","type":"page","link":"https:\/\/codeimmediate.com\/fi\/tietoa-meista\/","title":{"rendered":"Meist\u00e4"},"content":{"rendered":"<?xml encoding=\"UTF-8\"><div class=\"gb-container gb-container-a462a256\">\n<div class=\"gb-container gb-container-2acc6621\">\n\n<h1 class=\"gb-headline gb-headline-4b88d7e3 gb-headline-text\">Noin R00001<\/h1>\n\n<\/div>\n<\/div><div class=\"gb-container gb-container-5e7425e0\">\n<div class=\"gb-grid-wrapper gb-grid-wrapper-09abce7f\">\n<div class=\"gb-grid-column gb-grid-column-5587ed7e\"><div class=\"gb-container gb-container-5587ed7e\">\n\n<h2 class=\"gb-headline gb-headline-db283a53 gb-headline-text\">Mik&auml; on R00001 ?<\/h2>\n\n\n\n<p>Liittym&auml;ll&auml; R00001 yhteis&ouml;n j&auml;seneksi avaat p&auml;&auml;syn johtavaan kryptovaluuttakauppaohjelmistoon. Riippumatta aiemmasta kokemuksestasi tai kaupank&auml;yntitaidoistasi, alustamme on suunniteltu k&auml;ytt&auml;j&auml;yst&auml;v&auml;lliseksi ja helppok&auml;ytt&ouml;iseksi.<br><br>Alustamme tarjoaa lukuisia etuja, jotka erottavat sen muista. Se paitsi ker&auml;&auml; ja analysoi tietoja my&ouml;s tekee j&auml;rkevi&auml; ja puolueettomia p&auml;&auml;t&ouml;ksi&auml; ja tekee kauppoja puolestasi k&auml;yt&auml;nn&ouml;ss&auml; ymp&auml;ri vuorokauden.<br><br>R00001 on enemm&auml;n kuin pelkk&auml; automatisoitu kaupank&auml;yntiohjelmisto; se on kattava verkkokauppayhteis&ouml;. J&auml;senemme nauttivat automaattisen ja kannattavan kryptovaluuttakaupan eduista.<br><br>Kehittyneiden ominaisuuksiensa ansiosta R00001 voi nopeasti analysoida markkinatrendej&auml; ja suorittaa automaattisia kaupank&auml;yntitoimintoja, ylitt&auml;en monet muut kaupank&auml;yntiohjelmistot jopa 0,01 sekunnin marginaalilla.  <\/p>\n\n<\/div><\/div>\n\n<div class=\"gb-grid-column gb-grid-column-a26278ba\"><div class=\"gb-container gb-container-a26278ba\">\n\n<p class=\"gb-headline gb-headline-b0a2c099 gb-headline-text\"><strong>Tutustu alustaamme &ndash; Ilmainen rekister&ouml;inti<\/strong><\/p>\n\n\n<?xml encoding=\"UTF-8\"><script>\n        localStorage.setItem('fxbot_ab_testing', '{\"login\":[],\"registration\":[],\"contactus\":[]}');\n    <\/script><style>\n        .reCAPTCHAContent {\n            display: none;\n            visibility: hidden;\n        }\n    <\/style><script>\n    localStorage.setItem('fxbot_api_parameters', '[{\"key\":\"emailmarketing\",\"value\":\"1\",\"override\":true},{\"key\":\"funnel\",\"value\":\"KW_F_00001\",\"override\":true}]');\n    localStorage.setItem('fxbot_alias_url', 'wp-content\/plugins\/fxbot-registration-form\/api.php');\n    localStorage.setItem('fxbot_email_marketing', '1');\n    localStorage.setItem('fxbot_email_marketing_debounce', 'true');\n    localStorage.setItem('fxbot_email_marketing_debounce_time', '1000');\n    localStorage.setItem('fxbot_recaptcha_enabled', 'false');\n    localStorage.setItem('fxbot_recaptcha_site_key', 'EMPTY');\n    localStorage.setItem('fxbot_alt_reg_popup_query_selector', '');\n    localStorage.setItem('fxbot_redirectVariant', '0');\n<\/script><div class=\"form-widget\" id=\"optInFormWrapper\">\n    <form action=\"\" class=\"flex flex-column\" data-form=\"optInForm\" data-urlsearchparams=\"\" data-widget=\"registration_2_step\" id=\"opt-form\" method=\"post\" name=\"optInForm\">\n        <div class=\"elementor-field-type-text elementor-field-group elementor-column elementor-field-group-name elementor-col-100 form-group\">\n            <label for=\"form-first_name\" class=\"elementor-field-label elementor-screen-only\">Etunimi<\/label>\n            <input class=\"elementor-field elementor-size-sm  elementor-field-textual regFormFirstName\" placeholder=\"Etunimi\" data-input=\"firstname\" data-valid=\"false\" id=\"form-first_name\" name=\"firstname\" size=\"1\" type=\"text\">\n            <p class=\"error-message\"><\/p>\n        <\/div>\n\n        <div class=\"elementor-field-type-text elementor-field-group elementor-column elementor-field-group-name elementor-col-100 form-group\">\n            <label for=\"form-last_name\" class=\"elementor-field-label elementor-screen-only\">Sukunimi<\/label>\n            <input class=\"elementor-field elementor-size-sm elementor-field-textual regFormLastNname\" placeholder=\"Sukunimi\" data-input=\"lastname\" data-valid=\"false\" id=\"form-last_name\" name=\"lastname\" size=\"1\" type=\"text\">\n            <p class=\"error-message\"><\/p>\n        <\/div>\n\n        <div class=\"form-group elementor-field-type-text elementor-field-group elementor-column elementor-field-group-name elementor-col-100\">\n            <label class=\"elementor-field-label elementor-screen-only\" for=\"form-email\">S&auml;hk&ouml;posti<\/label>\n            <input class=\"regFormEmail elementor-field elementor-size-sm elementor-field-textual\" placeholder=\"S&auml;hk&ouml;posti\" data-input=\"email\" data-valid=\"false\" id=\"form-email\" name=\"email\" type=\"email\">\n            <p class=\"error-message\"><\/p>\n            <div class=\"form-group__emailValid-info\">\n                <span class=\"form-group__emailValid-message\"><span>Tarkoititko<\/span> <b><\/b>?<\/span> <span class=\"form-group__emailValid-btn\">Korvata<\/span>            <\/div>\n        <\/div>\n\n        <p class=\"reCAPTCHAContent\">\n            T&auml;m&auml; sivusto on suojattu reCAPTCHA:lla, ja <a href=\"https:\/\/policies.google.com\/privacy\/fi\/\" target=\"_blank\" rel=\"noopener\">Googlen tietosuojak&auml;yt&auml;nt&ouml;<\/a> ja <a href=\"https:\/\/policies.google.com\/terms\/fi\/\" target=\"_blank\" rel=\"noopener\">k&auml;ytt&ouml;ehdot<\/a> ovat voimassa.        <\/p>\n\n        <button class=\"zoom regFormButton elementor-button elementor-size-sm\" data-button=\"submit\" id=\"optInForm-btn\">\n            Ilmoittaudu nyt        <\/button>\n    <\/form>\n<\/div><div class=\"form-widget\" id=\"regFormWrapper\" style=\"visibility: hidden; width: 0; height:0\">\n    <form action=\"\" class=\"flex flex-column\" data-form=\"registrationForm\" data-urlsearchparams=\"\" data-widget=\"registration_2_step\" id=\"reg-form\" method=\"post\" name=\"registrationForm\">\n        <div class=\"elementor-field-type-text elementor-field-group elementor-column elementor-field-group-name elementor-col-100 form-group\">\n            <label for=\"form-first_name\" class=\"elementor-field-label elementor-screen-only\">Etunimi<\/label>\n            <input class=\"elementor-field elementor-size-sm  elementor-field-textual regFormFirstName\" placeholder=\"Etunimi\" data-input=\"firstname\" data-valid=\"false\" id=\"form-first_name\" name=\"firstname\" size=\"1\" type=\"text\">\n            <p class=\"error-message\"><\/p>\n        <\/div>\n\n        <div class=\"elementor-field-type-text elementor-field-group elementor-column elementor-field-group-name elementor-col-100 form-group\">\n            <label for=\"form-last_name\" class=\"elementor-field-label elementor-screen-only\">Sukunimi<\/label>\n            <input class=\"elementor-field elementor-size-sm elementor-field-textual regFormLastNname\" placeholder=\"Sukunimi\" data-input=\"lastname\" data-valid=\"false\" id=\"form-last_name\" name=\"lastname\" size=\"1\" type=\"text\">\n            <p class=\"error-message\"><\/p>\n        <\/div>\n\n        <div class=\"elementor-field-type-text elementor-field-group elementor-column elementor-field-group-name elementor-col-100 form-group form-group__emailValid\">\n            <label class=\"elementor-field-label elementor-screen-only\" for=\"form-email\">S&auml;hk&ouml;posti<\/label>\n            <input class=\"elementor-field elementor-size-sm elementor-field-textual regFormEmail\" placeholder=\"S&auml;hk&ouml;posti\" data-input=\"email\" data-valid=\"false\" id=\"form-email\" name=\"email\" type=\"email\">\n            <p class=\"error-message\"><\/p>\n            <p class=\"form-group__emailValid-info\">\n                <span class=\"form-group__emailValid-message\"><span>Tarkoititko<\/span> <b><\/b>?<\/span> <span class=\"form-group__emailValid-btn\">Korvata<\/span>            <\/p>\n        <\/div>\n\n        <div class=\"elementor-field-type-tel elementor-field-group elementor-column elementor-field-group-field_fad38fc elementor-col-100 form-group reg-phone\">\n            <label class=\"elementor-field-label elementor-screen-only\" for=\"form-phone_number\">Puhelinnumero<\/label>\n            <input class=\"elementor-field elementor-size-sm elementor-field-textual regFormPhoneNumber\" placeholder=\"Puhelinnumero\" autocompvare=\"off\" data-input=\"phone_number\" data-valid=\"false\" id=\"form-phone_number\" name=\"phone_number\" size=\"1\" type=\"text\">\n            <p class=\"error-message\"><\/p>\n        <\/div>\n\n        <p class=\"reCAPTCHAContent\">\n            T&auml;m&auml; sivusto on suojattu reCAPTCHA:lla, ja <a href=\"https:\/\/policies.google.com\/privacy\/fi\/\" target=\"_blank\" rel=\"noopener\">Googlen tietosuojak&auml;yt&auml;nt&ouml;<\/a> ja <a href=\"https:\/\/policies.google.com\/terms\/fi\/\" target=\"_blank\" rel=\"noopener\">k&auml;ytt&ouml;ehdot<\/a> ovat voimassa.        <\/p>\n\n        <button class=\"elementor-button zoom regFormButton\" data-button=\"submit\" id=\"form-btn\" type=\"button\">\n            Ilmoittaudu nyt        <\/button>\n\n        <div class=\"wrapper__rar-no\" data-modal=\"success\" style=\"display: none\">\n            <div class=\"success\">\n                <img decoding=\"async\" src=\"\/wp-content\/plugins\/fxbot-registration-form\/assets\/images\/regSuccess.png\" alt=\"Kiitos rekister&ouml;innist&auml;\">\n                <p>Kiitos rekister&ouml;innist&auml;.<br>Edustajamme ottaa sinuun yhteytt&auml; pian.<br>Varmista, ett&auml; k&auml;ytit oikeaa puhelinnumeroa.<br>Kippis.<\/p>\n            <\/div>\n        <\/div>\n\n        <div class=\"wrapper__rar-no\" data-modal=\"alternative_success\" style=\"display: none\">\n            <div class=\"success\">\n                <p class=\"reg_title\">\n                    <b>Olet onnistuneesti yhdist&auml;nyt.<\/b>\n                <\/p>\n                <p>Yrityksen edustaja ottaa sinuun pian yhteytt&auml;. Varmista, ett&auml; olet puhelimitse tavoitettavissa, jotta et missaa puhelua.<\/p>\n            <\/div>\n        <\/div>\n\n        <div class=\"wrapper__error\" data-modal=\"error\" style=\"display: none\"><\/div>\n    <\/form>\n<\/div><div class=\"submit-overlay\" style=\"display: none;\">\n    <div class=\"lds-spinner\">\n        <div><\/div>\n        <div><\/div>\n        <div><\/div>\n        <div><\/div>\n        <div><\/div>\n        <div><\/div>\n        <div><\/div>\n        <div><\/div>\n    <\/div>\n    <p class=\"overlay-text\">Yhdist&auml;&auml; sinut alueesi parhaaseen v&auml;litt&auml;j&auml;&auml;n<\/p>\n<\/div>\n\n\n<\/div><\/div>\n<\/div>\n<\/div><div class=\"gb-container gb-container-197d4570\">\n\n<a class=\"gb-button gb-button-e8c7dfa5\" href=\"https:\/\/codeimmediate.com\/fi\/\"><span class=\"gb-button-text\">HANKI K&Auml;YT&Ouml;SS&Auml; R00001 NYT<\/span><span class=\"gb-icon\"><svg xmlns=\"http:\/\/www.w3.org\/2000\/svg\" aria-hidden=\"true\" role=\"img\" height=\"1em\" width=\"1em\" viewbox=\"0 0 256 512\"><path fill=\"currentColor\" d=\"M224.3 273l-136 136c-9.4 9.4-24.6 9.4-33.9 0l-22.6-22.6c-9.4-9.4-9.4-24.6 0-33.9l96.4-96.4-96.4-96.4c-9.4-9.4-9.4-24.6 0-33.9L54.3 103c9.4-9.4 24.6-9.4 33.9 0l136 136c9.5 9.4 9.5 24.6.1 34z\"><\/path><\/svg><\/span><\/a>\n\n<\/div><div class=\"gb-container gb-container-1bdeec8b\">\n<div class=\"gb-container gb-container-9d34a979\"><\/div>\n\n<div class=\"gb-container gb-container-1e789d4e\">\n\n<h3 class=\"gb-headline gb-headline-29613722 gb-headline-text\">R00001- <strong>ohjelmiston<\/strong> <strong>R00001<\/strong><\/h3>\n\n\n\n<p>R00001 erottuu poikkeuksellisesta kyvyst&auml;&auml;n jatkuvasti ker&auml;t&auml; ja analysoida tehokkaasti reaaliaikaista markkinatietoa. T&auml;t&auml; arvokasta tietoa hy&ouml;dynt&auml;en ohjelmistomme toteuttaa kaupank&auml;yntitoimeksiannot nopeammin kuin mik&auml;&auml;n muu ohjelmisto tai henkil&ouml;. R00001 n erottaa paitsi sen nopeus, my&ouml;s sen kyky tehd&auml; loogisia ja tilastollisesti perustuvia kaupank&auml;yntip&auml;&auml;t&ouml;ksi&auml; ilman inhimillisi&auml; tunteita ja varmistaa objektiivisen kaupank&auml;ynnin.<br><br>Yksi R00001 n merkitt&auml;v&auml; ominaisuus on sen backstage-toiminto, jonka avulla voit testata asetuksiasi aiempien markkinaolosuhteiden perusteella. T&auml;m&auml;n tehokkaan ty&ouml;kalun avulla voit optimoida asetukset mahdollisimman suurta kannattavuutta varten. Ennalta m&auml;&auml;ritt&auml;mi&auml;si s&auml;&auml;nt&ouml;j&auml; noudatetaan uskollisesti, sill&auml; kehittynyt ohjelmistomme hoitaa kaikki kaupank&auml;yntitoiminnot puolestasi.<br><br>R00001 tarjoaa sek&auml; automaattisia ett&auml; manuaalisia kaupank&auml;yntivaihtoehtoja, jotka antavat k&auml;ytt&auml;jille mahdollisuuden valita osallistumistasonsa kaupank&auml;yntiprosessiin taitotasonsa, k&auml;ytett&auml;viss&auml; olevan ajan tai henkil&ouml;kohtaisen kiinnostuksen perusteella. Lis&auml;ksi R00001 avulla voit hallita useita tilej&auml;, jolloin voit kokeilla, muokata ja vertailla kaupank&auml;yntistrategioita. Enemm&auml;n kaupank&auml;yntimahdollisuuksia johtaa suurempiin voittomahdollisuuksiin.<br><br>Koe R00001 n monipuolisuus ja kannattavuus, koska se mullistaa kryptovaluuttakaupan matkasi.<\/p>\n\n<\/div>\n<\/div><div class=\"gb-container gb-container-67945ee0\">\n<div class=\"gb-container gb-container-12a13938\">\n\n<a class=\"gb-button gb-button-15cad45f\" href=\"https:\/\/codeimmediate.com\/fi\/\"><span class=\"gb-button-text\"><strong>TESTI R00001<\/strong><\/span><span class=\"gb-icon\"><svg xmlns=\"http:\/\/www.w3.org\/2000\/svg\" aria-hidden=\"true\" role=\"img\" height=\"1em\" width=\"1em\" viewbox=\"0 0 256 512\"><path fill=\"currentColor\" d=\"M224.3 273l-136 136c-9.4 9.4-24.6 9.4-33.9 0l-22.6-22.6c-9.4-9.4-9.4-24.6 0-33.9l96.4-96.4-96.4-96.4c-9.4-9.4-9.4-24.6 0-33.9L54.3 103c9.4-9.4 24.6-9.4 33.9 0l136 136c9.5 9.4 9.5 24.6.1 34z\"><\/path><\/svg><\/span><\/a>\n\n<\/div>\n<\/div><div class=\"gb-container gb-container-5d2e4740\">\n<div class=\"gb-container gb-container-d34d15be\">\n<div class=\"gb-grid-wrapper gb-grid-wrapper-4257ebc4\">\n<div class=\"gb-grid-column gb-grid-column-60a1d140\"><div class=\"gb-container gb-container-60a1d140\">\n<div class=\"gb-container gb-container-d446dbb2\">\n\n<span class=\"gb-button gb-button-4f39012e\"><span class=\"gb-icon\"><svg xmlns=\"http:\/\/www.w3.org\/2000\/svg\" height=\"15\" width=\"15\" fill=\"none\" viewbox=\"0 0 15 15\"><path fill=\"currentColor\" d=\"M4 1.5V4H1.5A1.5 1.5 0 000 5.5v8A1.5 1.5 0 001.5 15h8a1.5 1.5 0 001.5-1.5V11h2.5A1.5 1.5 0 0015 9.5v-8A1.5 1.5 0 0013.5 0h-8A1.5 1.5 0 004 1.5zM5.5 1a.5.5 0 00-.5.5V4h4.5A1.5 1.5 0 0111 5.5V10h2.5a.5.5 0 00.5-.5v-8a.5.5 0 00-.5-.5h-8zm0 10A1.5 1.5 0 014 9.5V5H1.5a.5.5 0 00-.5.5v8a.5.5 0 00.5.5h8a.5.5 0 00.5-.5V11H5.5z\" clip-rule=\"evenodd\" fill-rule=\"evenodd\"><\/path><\/svg><\/span><\/span>\n\n<\/div>\n\n\n<h3 class=\"gb-headline gb-headline-f8d314cb gb-headline-text\"><strong>Ohjelmistoratkaisu<\/strong><\/h3>\n\n\n\n<p>R00001 on suunniteltu huolellisesti t&auml;ytt&auml;m&auml;&auml;n tarkoituksensa olla korvaamaton ja k&auml;ytt&auml;j&auml;yst&auml;v&auml;llinen ty&ouml;kalu kaikentasoisille kauppiaille. Se antaa k&auml;ytt&auml;jille mahdollisuuden k&auml;yd&auml; vaivattomasti ja tehokkaasti kauppaa Bitcoin ja useilla muilla kryptovaluutoilla.<br><br>R00001 avulla voit tarttua tilaisuuteen osallistua kryptovaluuttakauppaan ilman, ett&auml; sinun tarvitsee k&auml;ytt&auml;&auml; paljon aikaa ja vaivaa markkinoiden monimutkaisuuden tutkimiseen tai monimutkaisten trendien analysointiin. Pelottavan kaupank&auml;yntitaitojen hallitsemisen ja mahdollisten tuottojen tavoittelemisen sijaan R00001 tarjoaa ratkaisun, jonka avulla voit aloittaa kaupank&auml;ynnin ilman aiempaa tietoa tai kokemusta, mik&auml; minimoi vaaditun ajan ja vaivan.<br><br>R00001 virtaviivaistaa kaupank&auml;yntiprosessia tarjoten saumattoman kokemuksen, jossa voit sukeltaa kryptovaluuttakaupan maailmaan luottavaisin mielin. K&auml;ytt&auml;j&auml;yst&auml;v&auml;llinen k&auml;ytt&ouml;liittym&auml;mme ja intuitiiviset ominaisuutemme varmistavat, ett&auml; jopa aloittelevat kauppiaat voivat navigoida alustalla vaivattomasti.<br><br>Hy&ouml;dynn&auml; R00001 n mukavuus ja helppok&auml;ytt&ouml;isyys, sill&auml; sen avulla voit aloittaa kryptovaluuttakaupan matkasi helposti ja tehokkaasti.<\/p>\n\n<\/div><\/div>\n\n<div class=\"gb-grid-column gb-grid-column-6922dcd9\"><div class=\"gb-container gb-container-6922dcd9\">\n<div class=\"gb-container gb-container-b5c2993b\">\n\n<span class=\"gb-button gb-button-05b34aef\"><span class=\"gb-icon\"><svg xmlns=\"http:\/\/www.w3.org\/2000\/svg\" height=\"15\" width=\"15\" fill=\"none\" viewbox=\"0 0 15 15\"><path fill=\"currentColor\" d=\"M4 4V1.5A1.5 1.5 0 015.5 0h8A1.5 1.5 0 0115 1.5v8a1.5 1.5 0 01-1.5 1.5H11v2.5A1.5 1.5 0 019.5 15h-8A1.5 1.5 0 010 13.5v-8A1.5 1.5 0 011.5 4H4zm6 1v5H5V5h5z\" clip-rule=\"evenodd\" fill-rule=\"evenodd\"><\/path><\/svg><\/span><\/span>\n\n<\/div>\n\n\n<h3 class=\"gb-headline gb-headline-13950594 gb-headline-text\"><strong><a>R00001<\/a> Kauppiaan arvostelu<\/strong><\/h3>\n\n\n\n<p>R00001 -ohjelmisto on luotettava kaupank&auml;yntity&ouml;kalu, joka tarjoaa sek&auml; manuaalisia ett&auml; t&auml;ysin automatisoituja vaihtoehtoja ja varmistaa kryptovaluuttakauppojen tarkan suorittamisen puolestasi. Bitcoin valuuttakaupank&auml;yntiohjelmiston alueella algoritmeilla on ratkaiseva rooli markkinatietojen analysoinnissa ja kauppojen suorittamisessa huomattavalla 99,4 prosentin tarkkuudella. R00001 erottaa muista sen vertaansa vailla oleva etu, ett&auml; se on 0,01 sekuntia nopeampi kuin mik&auml;&auml;n muu ohjelmisto, joten se on paras valinta kauppiaille.<br><br>R00001 huippuosaamista Bitcoin kaupank&auml;yntiohjelmistossa on ker&auml;nnyt arvostetulta US Trading Associationilta, mik&auml; on varmistanut parhaan paikan kaupank&auml;yntiohjelmistojen kategoriassa. T&auml;m&auml; saavutus ei ainoastaan korosta ohjelmistomme tehokkuutta vaan my&ouml;s sen luotettavuutta ja luotettavuutta. Lis&auml;ksi R00001 :n sitoutuminen k&auml;ytt&auml;jien mukavuuteen n&auml;kyy sen lataamattomuuden vaatimuksessa, mik&auml; ansaitsee virustorjuntayritysten hyv&auml;ksynn&auml;n.<br><br>Valitse R00001 ensisijaiseksi kaupank&auml;yntiohjelmistoksi ja koe vertaansa vailla oleva tarkkuus, nopeus ja tunnistaminen, jotka erottavat meid&auml;t kryptovaluuttakaupan maailmassa.<\/p>\n\n<\/div><\/div>\n\n<div class=\"gb-grid-column gb-grid-column-58d3b69b\"><div class=\"gb-container gb-container-58d3b69b\">\n<div class=\"gb-container gb-container-7f21e89f\">\n\n<span class=\"gb-button gb-button-df17151f\"><span class=\"gb-icon\"><svg xmlns=\"http:\/\/www.w3.org\/2000\/svg\" height=\"15\" width=\"15\" fill=\"none\" viewbox=\"0 0 15 15\"><path fill=\"currentColor\" d=\"M4 4H1.5A1.5 1.5 0 000 5.5v8A1.5 1.5 0 001.5 15h8a1.5 1.5 0 001.5-1.5V11h2.5A1.5 1.5 0 0015 9.5v-8A1.5 1.5 0 0013.5 0h-8A1.5 1.5 0 004 1.5V4zm1-2.5a.5.5 0 01.5-.5h8a.5.5 0 01.5.5v8a.5.5 0 01-.5.5h-8a.5.5 0 01-.5-.5v-8z\" clip-rule=\"evenodd\" fill-rule=\"evenodd\"><\/path><\/svg><\/span><\/span>\n\n<\/div>\n\n\n<h3 class=\"gb-headline gb-headline-7625b1b1 gb-headline-text\"><strong>Dragons Den<\/strong><\/h3>\n\n\n\n<p>R00001 Software haluaa tehd&auml; selv&auml;ksi, ett&auml; meill&auml; ei ole mink&auml;&auml;nlaista yhteytt&auml; pahamaineiseen Dragons Den -huijaukseen. Dragons Den, joka tunnetaan my&ouml;s nimell&auml; Bitcoin Loophole -huijaus, toimii petollisena suunnitelmana, joka houkuttelee pahaa aavistamattomia henkil&ouml;it&auml; investoimaan vilpilliseen yritykseen, joka on naamioitu innovatiiviseksi ohjelmistok&auml;ynnistykseksi. On t&auml;rke&auml;&auml; huomata, ett&auml; huijaus ei esiintynyt Dragon&rsquo;s Den -televisio-ohjelmassa, eik&auml; ohjelma tai sen n&auml;yttelij&auml;t koskaan hyv&auml;ksyneet sit&auml;.<br><br>Haluamme korostaa, ett&auml; Dragons Den k&auml;ytti vilpillisesti hyv&auml;kseen alkuper&auml;isen hyv&auml;maineisen ohjelmiston ja ohjelmaan liittyvien julkkisten mainetta huijatakseen ihmisi&auml; ja saadakseen laittomasti heid&auml;n vaivalla ansaitsemansa rahat. R00001Software ei liity t&auml;h&auml;n huijaukseen, ja kehotamme sinua voimakkaasti v&auml;ltt&auml;m&auml;&auml;n mainoksia tai julkaisuja, joissa esitet&auml;&auml;n perusteettomia v&auml;itteit&auml;.<br><br>Voit olla varma, ett&auml; R00001 Software noudattaa korkeimpia eettisi&auml; standardeja ja asettaa etusijalle k&auml;ytt&auml;jiemme luottamuksen ja tyytyv&auml;isyyden. Olemme sitoutuneet tarjoamaan luotettavan ja laillisen alustan kryptovaluuttakauppaa varten ja takaamaan turvallisen ja suojatun kokemuksen kaikille arvostetuille k&auml;ytt&auml;jillemme.<\/p>\n\n<\/div><\/div>\n<\/div>\n<\/div>\n<\/div><div class=\"gb-container gb-container-39bfdacb\">\n<div class=\"gb-container gb-container-45f3ab74\">\n\n<h3 class=\"gb-headline gb-headline-e982b89b gb-headline-text\">Rekister&ouml;idy turvallisesti numeroon R00001<\/h3>\n\n\n\n<a class=\"gb-button gb-button-a3e3ab09\" href=\"https:\/\/codeimmediate.com\/fi\/\"><span class=\"gb-button-text\">Rekister&ouml;idy turvallisesti<\/span><span class=\"gb-icon\"><svg xmlns=\"http:\/\/www.w3.org\/2000\/svg\" aria-hidden=\"true\" role=\"img\" height=\"1em\" width=\"1em\" viewbox=\"0 0 256 512\"><path fill=\"currentColor\" d=\"M224.3 273l-136 136c-9.4 9.4-24.6 9.4-33.9 0l-22.6-22.6c-9.4-9.4-9.4-24.6 0-33.9l96.4-96.4-96.4-96.4c-9.4-9.4-9.4-24.6 0-33.9L54.3 103c9.4-9.4 24.6-9.4 33.9 0l136 136c9.5 9.4 9.5 24.6.1 34z\"><\/path><\/svg><\/span><\/a>\n\n<\/div>\n<\/div>\n","protected":false},"excerpt":{"rendered":"<p>Noin R00001 R00001- ohjelmiston R00001 R00001 erottuu poikkeuksellisesta kyvyst&auml;&auml;n jatkuvasti ker&auml;t&auml; ja analysoida tehokkaasti reaaliaikaista markkinatietoa. T&auml;t&auml; arvokasta tietoa hy&ouml;dynt&auml;en ohjelmistomme toteuttaa kaupank&auml;yntitoimeksiannot nopeammin kuin mik&auml;&auml;n muu ohjelmisto tai henkil&ouml;. R00001 n erottaa paitsi sen nopeus, my&ouml;s sen kyky tehd&auml; loogisia ja tilastollisesti perustuvia kaupank&auml;yntip&auml;&auml;t&ouml;ksi&auml; ilman inhimillisi&auml; tunteita ja varmistaa objektiivisen kaupank&auml;ynnin. Yksi R00001 n &#8230; <a title=\"Meist\u00e4\" class=\"read-more\" href=\"https:\/\/codeimmediate.com\/fi\/tietoa-meista\/\" aria-label=\"Lue lis\u00e4\u00e4 aiheesta Meist\u00e4\">Lue lis\u00e4\u00e4<\/a><\/p>\n","protected":false},"author":1,"featured_media":0,"parent":0,"menu_order":0,"comment_status":"closed","ping_status":"closed","template":"","meta":{"footnotes":""},"class_list":["post-4964","page","type-page","status-publish"],"_links":{"self":[{"href":"https:\/\/codeimmediate.com\/fi\/wp-json\/wp\/v2\/pages\/4964","targetHints":{"allow":["GET"]}}],"collection":[{"href":"https:\/\/codeimmediate.com\/fi\/wp-json\/wp\/v2\/pages"}],"about":[{"href":"https:\/\/codeimmediate.com\/fi\/wp-json\/wp\/v2\/types\/page"}],"author":[{"embeddable":true,"href":"https:\/\/codeimmediate.com\/fi\/wp-json\/wp\/v2\/users\/1"}],"replies":[{"embeddable":true,"href":"https:\/\/codeimmediate.com\/fi\/wp-json\/wp\/v2\/comments?post=4964"}],"version-history":[{"count":0,"href":"https:\/\/codeimmediate.com\/fi\/wp-json\/wp\/v2\/pages\/4964\/revisions"}],"wp:attachment":[{"href":"https:\/\/codeimmediate.com\/fi\/wp-json\/wp\/v2\/media?parent=4964"}],"curies":[{"name":"wp","href":"https:\/\/api.w.org\/{rel}","templated":true}]}}