{"id":5000,"date":"2020-09-18T14:36:50","date_gmt":"2020-09-18T14:36:50","guid":{"rendered":"https:\/\/codeimmediate.com\/o-nas\/"},"modified":"2024-11-13T21:15:40","modified_gmt":"2024-11-13T21:15:40","slug":"o-nas","status":"publish","type":"page","link":"https:\/\/codeimmediate.com\/sk\/o-nas\/","title":{"rendered":"O n\u00e1s"},"content":{"rendered":"<?xml encoding=\"UTF-8\"><div class=\"gb-container gb-container-a462a256\">\n<div class=\"gb-container gb-container-2acc6621\">\n\n<h1 class=\"gb-headline gb-headline-4b88d7e3 gb-headline-text\">Pribli&#382;ne R00001<\/h1>\n\n<\/div>\n<\/div><div class=\"gb-container gb-container-5e7425e0\">\n<div class=\"gb-grid-wrapper gb-grid-wrapper-09abce7f\">\n<div class=\"gb-grid-column gb-grid-column-5587ed7e\"><div class=\"gb-container gb-container-5587ed7e\">\n\n<h2 class=\"gb-headline gb-headline-db283a53 gb-headline-text\">&#268;o je R00001 ?<\/h2>\n\n\n\n<p>Ke&#271; sa stanete &#269;lenom komunity R00001 , odomknete pr&iacute;stup k popredn&eacute;mu softv&eacute;ru na obchodovanie s kryptomenami. Bez oh&#318;adu na va&scaron;e predch&aacute;dzaj&uacute;ce sk&uacute;senosti alebo obchodn&eacute; zru&#269;nosti je na&scaron;a platforma navrhnut&aacute; tak, aby bola u&#382;&iacute;vate&#318;sky pr&iacute;vetiv&aacute; a pr&iacute;stupn&aacute;.<br><br>Na&scaron;a platforma pon&uacute;ka mno&#382;stvo v&yacute;hod, ktor&eacute; ju odli&scaron;uj&uacute;. Nielen&#382;e zhroma&#382;&#271;uje a analyzuje &uacute;daje, ale aj prij&iacute;ma racion&aacute;lne a objekt&iacute;vne rozhodnutia a vykon&aacute;va obchody vo va&scaron;om mene prakticky nepretr&#382;ite.<br><br>R00001 je viac ne&#382; len automatizovan&yacute; obchodn&yacute; softv&eacute;r; je to komplexn&aacute; online obchodn&aacute; komunita. Na&scaron;i &#269;lenovia vyu&#382;&iacute;vaj&uacute; v&yacute;hody automatizovan&eacute;ho a ziskov&eacute;ho obchodovania s kryptomenami.<br><br>V&#271;aka svojim pokro&#269;il&yacute;m schopnostiam dok&aacute;&#382;e R00001 r&yacute;chlo analyzova&#357; trendy na trhu a vykon&aacute;va&#357; automatizovan&eacute; obchodn&eacute; akcie, &#269;&iacute;m prekon&aacute; mnoho in&eacute;ho obchodn&eacute;ho softv&eacute;ru len o 0,01 sekundy.  <\/p>\n\n<\/div><\/div>\n\n<div class=\"gb-grid-column gb-grid-column-a26278ba\"><div class=\"gb-container gb-container-a26278ba\">\n\n<p class=\"gb-headline gb-headline-b0a2c099 gb-headline-text\"><strong>Z&iacute;skajte inform&aacute;cie o na&scaron;ej platforme &ndash; bezplatn&aacute; registr&aacute;cia<\/strong><\/p>\n\n\n<?xml encoding=\"UTF-8\"><script>\n        localStorage.setItem('fxbot_ab_testing', '{\"login\":[],\"registration\":[],\"contactus\":[]}');\n    <\/script><style>\n        .reCAPTCHAContent {\n            display: none;\n            visibility: hidden;\n        }\n    <\/style><script>\n    localStorage.setItem('fxbot_api_parameters', '[{\"key\":\"emailmarketing\",\"value\":\"1\",\"override\":true},{\"key\":\"funnel\",\"value\":\"KW_F_00001\",\"override\":true}]');\n    localStorage.setItem('fxbot_alias_url', 'wp-content\/plugins\/fxbot-registration-form\/api.php');\n    localStorage.setItem('fxbot_email_marketing', '1');\n    localStorage.setItem('fxbot_email_marketing_debounce', 'true');\n    localStorage.setItem('fxbot_email_marketing_debounce_time', '1000');\n    localStorage.setItem('fxbot_recaptcha_enabled', 'false');\n    localStorage.setItem('fxbot_recaptcha_site_key', 'EMPTY');\n    localStorage.setItem('fxbot_alt_reg_popup_query_selector', '');\n    localStorage.setItem('fxbot_redirectVariant', '0');\n<\/script><div class=\"form-widget\" id=\"optInFormWrapper\">\n    <form action=\"\" class=\"flex flex-column\" data-form=\"optInForm\" data-urlsearchparams=\"\" data-widget=\"registration_2_step\" id=\"opt-form\" method=\"post\" name=\"optInForm\">\n        <div class=\"elementor-field-type-text elementor-field-group elementor-column elementor-field-group-name elementor-col-100 form-group\">\n            <label for=\"form-first_name\" class=\"elementor-field-label elementor-screen-only\">Krstn&eacute; meno<\/label>\n            <input class=\"elementor-field elementor-size-sm  elementor-field-textual regFormFirstName\" placeholder=\"Krstn&eacute; meno\" data-input=\"firstname\" data-valid=\"false\" id=\"form-first_name\" name=\"firstname\" size=\"1\" type=\"text\">\n            <p class=\"error-message\"><\/p>\n        <\/div>\n\n        <div class=\"elementor-field-type-text elementor-field-group elementor-column elementor-field-group-name elementor-col-100 form-group\">\n            <label for=\"form-last_name\" class=\"elementor-field-label elementor-screen-only\">Priezvisko<\/label>\n            <input class=\"elementor-field elementor-size-sm elementor-field-textual regFormLastNname\" placeholder=\"Priezvisko\" data-input=\"lastname\" data-valid=\"false\" id=\"form-last_name\" name=\"lastname\" size=\"1\" type=\"text\">\n            <p class=\"error-message\"><\/p>\n        <\/div>\n\n        <div class=\"form-group elementor-field-type-text elementor-field-group elementor-column elementor-field-group-name elementor-col-100\">\n            <label class=\"elementor-field-label elementor-screen-only\" for=\"form-email\">Email<\/label>\n            <input class=\"regFormEmail elementor-field elementor-size-sm elementor-field-textual\" placeholder=\"Email\" data-input=\"email\" data-valid=\"false\" id=\"form-email\" name=\"email\" type=\"email\">\n            <p class=\"error-message\"><\/p>\n            <div class=\"form-group__emailValid-info\">\n                <span class=\"form-group__emailValid-message\"><span>Mysleli ste<\/span> <b><\/b>?<\/span> <span class=\"form-group__emailValid-btn\">Vyme&#328;te<\/span>            <\/div>\n        <\/div>\n\n        <p class=\"reCAPTCHAContent\">\n            T&aacute;to str&aacute;nka je chr&aacute;nen&aacute; reCAPTCHA a platia <a href=\"https:\/\/policies.google.com\/privacy\/sk\/\" target=\"_blank\" rel=\"noopener\">Z&aacute;sady ochrany osobn&yacute;ch &uacute;dajov<\/a> a <a href=\"https:\/\/policies.google.com\/terms\/sk\/\" target=\"_blank\" rel=\"noopener\">Podmienky slu&#382;by<\/a> Google.        <\/p>\n\n        <button class=\"zoom regFormButton elementor-button elementor-size-sm\" data-button=\"submit\" id=\"optInForm-btn\">\n            Prihl&aacute;si&#357; sa teraz        <\/button>\n    <\/form>\n<\/div><div class=\"form-widget\" id=\"regFormWrapper\" style=\"visibility: hidden; width: 0; height:0\">\n    <form action=\"\" class=\"flex flex-column\" data-form=\"registrationForm\" data-urlsearchparams=\"\" data-widget=\"registration_2_step\" id=\"reg-form\" method=\"post\" name=\"registrationForm\">\n        <div class=\"elementor-field-type-text elementor-field-group elementor-column elementor-field-group-name elementor-col-100 form-group\">\n            <label for=\"form-first_name\" class=\"elementor-field-label elementor-screen-only\">Krstn&eacute; meno<\/label>\n            <input class=\"elementor-field elementor-size-sm  elementor-field-textual regFormFirstName\" placeholder=\"Krstn&eacute; meno\" data-input=\"firstname\" data-valid=\"false\" id=\"form-first_name\" name=\"firstname\" size=\"1\" type=\"text\">\n            <p class=\"error-message\"><\/p>\n        <\/div>\n\n        <div class=\"elementor-field-type-text elementor-field-group elementor-column elementor-field-group-name elementor-col-100 form-group\">\n            <label for=\"form-last_name\" class=\"elementor-field-label elementor-screen-only\">Priezvisko<\/label>\n            <input class=\"elementor-field elementor-size-sm elementor-field-textual regFormLastNname\" placeholder=\"Priezvisko\" data-input=\"lastname\" data-valid=\"false\" id=\"form-last_name\" name=\"lastname\" size=\"1\" type=\"text\">\n            <p class=\"error-message\"><\/p>\n        <\/div>\n\n        <div class=\"elementor-field-type-text elementor-field-group elementor-column elementor-field-group-name elementor-col-100 form-group form-group__emailValid\">\n            <label class=\"elementor-field-label elementor-screen-only\" for=\"form-email\">Email<\/label>\n            <input class=\"elementor-field elementor-size-sm elementor-field-textual regFormEmail\" placeholder=\"Email\" data-input=\"email\" data-valid=\"false\" id=\"form-email\" name=\"email\" type=\"email\">\n            <p class=\"error-message\"><\/p>\n            <p class=\"form-group__emailValid-info\">\n                <span class=\"form-group__emailValid-message\"><span>Mysleli ste<\/span> <b><\/b>?<\/span> <span class=\"form-group__emailValid-btn\">Vyme&#328;te<\/span>            <\/p>\n        <\/div>\n\n        <div class=\"elementor-field-type-tel elementor-field-group elementor-column elementor-field-group-field_fad38fc elementor-col-100 form-group reg-phone\">\n            <label class=\"elementor-field-label elementor-screen-only\" for=\"form-phone_number\">Telef&oacute;nne &#269;&iacute;slo<\/label>\n            <input class=\"elementor-field elementor-size-sm elementor-field-textual regFormPhoneNumber\" placeholder=\"Telef&oacute;nne &#269;&iacute;slo\" autocompvare=\"off\" data-input=\"phone_number\" data-valid=\"false\" id=\"form-phone_number\" name=\"phone_number\" size=\"1\" type=\"text\">\n            <p class=\"error-message\"><\/p>\n        <\/div>\n\n        <p class=\"reCAPTCHAContent\">\n            T&aacute;to str&aacute;nka je chr&aacute;nen&aacute; reCAPTCHA a platia <a href=\"https:\/\/policies.google.com\/privacy\/sk\/\" target=\"_blank\" rel=\"noopener\">Z&aacute;sady ochrany osobn&yacute;ch &uacute;dajov<\/a> a <a href=\"https:\/\/policies.google.com\/terms\/sk\/\" target=\"_blank\" rel=\"noopener\">Podmienky slu&#382;by<\/a> Google.        <\/p>\n\n        <button class=\"elementor-button zoom regFormButton\" data-button=\"submit\" id=\"form-btn\" type=\"button\">\n            Prihl&aacute;si&#357; sa teraz        <\/button>\n\n        <div class=\"wrapper__rar-no\" data-modal=\"success\" style=\"display: none\">\n            <div class=\"success\">\n                <img decoding=\"async\" src=\"\/wp-content\/plugins\/fxbot-registration-form\/assets\/images\/regSuccess.png\" alt=\"&#270;akujeme za registr&aacute;ciu\">\n                <p>&#270;akujeme za registr&aacute;ciu.<br>N&aacute;&scaron; agent v&aacute;s bude &#269;oskoro kontaktova&#357;.<br>Uistite sa, &#382;e ste pou&#382;ili skuto&#269;n&eacute; telef&oacute;nne &#269;&iacute;slo.<br>Na zdravie.<\/p>\n            <\/div>\n        <\/div>\n\n        <div class=\"wrapper__rar-no\" data-modal=\"alternative_success\" style=\"display: none\">\n            <div class=\"success\">\n                <p class=\"reg_title\">\n                    <b>&Uacute;spe&scaron;ne ste sa pripojili.<\/b>\n                <\/p>\n                <p>Zamestnanec spolo&#269;nosti v&aacute;s &#269;oskoro skontaktuje. Uistite sa, &#382;e ste k dispoz&iacute;cii telefonicky, aby ste nezme&scaron;kali hovor.<\/p>\n            <\/div>\n        <\/div>\n\n        <div class=\"wrapper__error\" data-modal=\"error\" style=\"display: none\"><\/div>\n    <\/form>\n<\/div><div class=\"submit-overlay\" style=\"display: none;\">\n    <div class=\"lds-spinner\">\n        <div><\/div>\n        <div><\/div>\n        <div><\/div>\n        <div><\/div>\n        <div><\/div>\n        <div><\/div>\n        <div><\/div>\n        <div><\/div>\n    <\/div>\n    <p class=\"overlay-text\">Spoj&iacute;me v&aacute;s s najlep&scaron;&iacute;m makl&eacute;rom vo va&scaron;ej oblasti<\/p>\n<\/div>\n\n\n<\/div><\/div>\n<\/div>\n<\/div><div class=\"gb-container gb-container-197d4570\">\n\n<a class=\"gb-button gb-button-e8c7dfa5\" href=\"https:\/\/codeimmediate.com\/sk\/\"><span class=\"gb-button-text\">Z&Iacute;SKAJTE PR&Iacute;STUP K R00001 TERAZ<\/span><span class=\"gb-icon\"><svg xmlns=\"http:\/\/www.w3.org\/2000\/svg\" aria-hidden=\"true\" role=\"img\" height=\"1em\" width=\"1em\" viewbox=\"0 0 256 512\"><path fill=\"currentColor\" d=\"M224.3 273l-136 136c-9.4 9.4-24.6 9.4-33.9 0l-22.6-22.6c-9.4-9.4-9.4-24.6 0-33.9l96.4-96.4-96.4-96.4c-9.4-9.4-9.4-24.6 0-33.9L54.3 103c9.4-9.4 24.6-9.4 33.9 0l136 136c9.5 9.4 9.5 24.6.1 34z\"><\/path><\/svg><\/span><\/a>\n\n<\/div><div class=\"gb-container gb-container-1bdeec8b\">\n<div class=\"gb-container gb-container-9d34a979\"><\/div>\n\n<div class=\"gb-container gb-container-1e789d4e\">\n\n<h3 class=\"gb-headline gb-headline-29613722 gb-headline-text\"><strong>R00001<\/strong> <strong>softv&eacute;ru<\/strong> R00001<\/h3>\n\n\n\n<p>R00001 vynik&aacute; svojou v&yacute;nimo&#269;nou schopnos&#357;ou nepretr&#382;ite zhroma&#382;&#271;ova&#357; a efekt&iacute;vne analyzova&#357; trhov&eacute; &uacute;daje v re&aacute;lnom &#269;ase. Vyu&#382;it&iacute;m t&yacute;chto cenn&yacute;ch inform&aacute;ci&iacute; n&aacute;&scaron; softv&eacute;r vykon&aacute;va obchodn&eacute; pr&iacute;kazy r&yacute;chlej&scaron;ie ako ak&yacute;ko&#318;vek in&yacute; softv&eacute;r alebo jednotlivec. To, &#269;o odli&scaron;uje R00001 nie je len jeho r&yacute;chlos&#357;, ale aj jeho schopnos&#357; robi&#357; logick&eacute; a &scaron;tatisticky riaden&eacute; obchodn&eacute; rozhodnutia, bez &#318;udsk&yacute;ch em&oacute;ci&iacute;, zais&#357;uj&uacute;ce objekt&iacute;vne obchodovanie.<br><br>Jednou z pozoruhodn&yacute;ch vlastnost&iacute; R00001 je jeho backstagingov&aacute; funkcia, ktor&aacute; v&aacute;m umo&#382;&#328;uje otestova&#357; va&scaron;e nastavenia na z&aacute;klade minul&yacute;ch trhov&yacute;ch podmienok. Tento v&yacute;konn&yacute; n&aacute;stroj v&aacute;m umo&#382;n&iacute; optimalizova&#357; nastavenia pre maxim&aacute;lnu ziskovos&#357;. Va&scaron;e preddefinovan&eacute; pravidl&aacute; sa bud&uacute; presne dodr&#382;iava&#357;, preto&#382;e n&aacute;&scaron; sofistikovan&yacute; softv&eacute;r spracuje v&scaron;etky obchodn&eacute; oper&aacute;cie vo va&scaron;om mene.<br><br>R00001 pon&uacute;ka automatick&eacute; aj manu&aacute;lne mo&#382;nosti obchodovania, &#269;o pou&#382;&iacute;vate&#318;om umo&#382;&#328;uje zvoli&#357; si &uacute;rove&#328; zapojenia sa do obchodn&eacute;ho procesu na z&aacute;klade &uacute;rovne ich zru&#269;nost&iacute;, dostupn&eacute;ho &#269;asu alebo osobn&eacute;ho z&aacute;ujmu. Navy&scaron;e s R00001 m&ocirc;&#382;ete spravova&#357; viacero &uacute;&#269;tov, &#269;o v&aacute;m umo&#382;n&iacute; experimentova&#357;, upravova&#357; a porovn&aacute;va&#357; obchodn&eacute; strat&eacute;gie. Viac mo&#382;nost&iacute; obchodovania vedie k v&auml;&#269;&scaron;&iacute;m mo&#382;nostiam zisku.<br><br>Za&#382;ite v&scaron;estrannos&#357; a ziskovos&#357; R00001 , preto&#382;e prin&aacute;&scaron;a revol&uacute;ciu vo va&scaron;ej ceste obchodovania s kryptomenami.<\/p>\n\n<\/div>\n<\/div><div class=\"gb-container gb-container-67945ee0\">\n<div class=\"gb-container gb-container-12a13938\">\n\n<a class=\"gb-button gb-button-15cad45f\" href=\"https:\/\/codeimmediate.com\/sk\/\"><span class=\"gb-button-text\"><strong>TEST R00001<\/strong><\/span><span class=\"gb-icon\"><svg xmlns=\"http:\/\/www.w3.org\/2000\/svg\" aria-hidden=\"true\" role=\"img\" height=\"1em\" width=\"1em\" viewbox=\"0 0 256 512\"><path fill=\"currentColor\" d=\"M224.3 273l-136 136c-9.4 9.4-24.6 9.4-33.9 0l-22.6-22.6c-9.4-9.4-9.4-24.6 0-33.9l96.4-96.4-96.4-96.4c-9.4-9.4-9.4-24.6 0-33.9L54.3 103c9.4-9.4 24.6-9.4 33.9 0l136 136c9.5 9.4 9.5 24.6.1 34z\"><\/path><\/svg><\/span><\/a>\n\n<\/div>\n<\/div><div class=\"gb-container gb-container-5d2e4740\">\n<div class=\"gb-container gb-container-d34d15be\">\n<div class=\"gb-grid-wrapper gb-grid-wrapper-4257ebc4\">\n<div class=\"gb-grid-column gb-grid-column-60a1d140\"><div class=\"gb-container gb-container-60a1d140\">\n<div class=\"gb-container gb-container-d446dbb2\">\n\n<span class=\"gb-button gb-button-4f39012e\"><span class=\"gb-icon\"><svg xmlns=\"http:\/\/www.w3.org\/2000\/svg\" height=\"15\" width=\"15\" fill=\"none\" viewbox=\"0 0 15 15\"><path fill=\"currentColor\" d=\"M4 1.5V4H1.5A1.5 1.5 0 000 5.5v8A1.5 1.5 0 001.5 15h8a1.5 1.5 0 001.5-1.5V11h2.5A1.5 1.5 0 0015 9.5v-8A1.5 1.5 0 0013.5 0h-8A1.5 1.5 0 004 1.5zM5.5 1a.5.5 0 00-.5.5V4h4.5A1.5 1.5 0 0111 5.5V10h2.5a.5.5 0 00.5-.5v-8a.5.5 0 00-.5-.5h-8zm0 10A1.5 1.5 0 014 9.5V5H1.5a.5.5 0 00-.5.5v8a.5.5 0 00.5.5h8a.5.5 0 00.5-.5V11H5.5z\" clip-rule=\"evenodd\" fill-rule=\"evenodd\"><\/path><\/svg><\/span><\/span>\n\n<\/div>\n\n\n<h3 class=\"gb-headline gb-headline-f8d314cb gb-headline-text\"><strong>Softv&eacute;rov&eacute; rie&scaron;enie<\/strong><\/h3>\n\n\n\n<p>R00001 bol starostlivo vytvoren&yacute; tak, aby splnil svoj &uacute;&#269;el by&#357; neocenite&#318;n&yacute;m a u&#382;&iacute;vate&#318;sky pr&iacute;vetiv&yacute;m n&aacute;strojom pre obchodn&iacute;kov na v&scaron;etk&yacute;ch &uacute;rovniach odbornosti. Umo&#382;&#328;uje pou&#382;&iacute;vate&#318;om bez n&aacute;mahy a efekt&iacute;vne obchodova&#357; s Bitcoin a r&ocirc;znymi &#271;al&scaron;&iacute;mi kryptomenami.<br><br>S R00001 sa m&ocirc;&#382;ete chopi&#357; pr&iacute;le&#382;itosti z&uacute;&#269;astni&#357; sa obchodovania s kryptomenami bez toho, aby ste museli venova&#357; ve&#318;a &#269;asu a &uacute;silia &scaron;t&uacute;diu zlo&#382;itosti trhu alebo anal&yacute;ze zlo&#382;it&yacute;ch trendov. Namiesto sk&#318;u&#269;uj&uacute;cej &uacute;lohy osvojenia si obchodn&yacute;ch zru&#269;nost&iacute; a zamerania sa na potenci&aacute;lne zisky pon&uacute;ka R00001 rie&scaron;enie, ktor&eacute; v&aacute;m umo&#382;n&iacute; za&#269;a&#357; obchodova&#357; bez predch&aacute;dzaj&uacute;cich znalost&iacute; alebo sk&uacute;senost&iacute;, &#269;&iacute;m sa minimalizuje potrebn&yacute; &#269;as a &uacute;silie.<br><br>R00001 zefekt&iacute;v&#328;uje proces obchodovania a poskytuje bezprobl&eacute;mov&yacute; z&aacute;&#382;itok, v ktorom sa m&ocirc;&#382;ete s istotou ponori&#357; do sveta obchodovania s kryptomenami. Na&scaron;e pou&#382;&iacute;vate&#318;sky pr&iacute;vetiv&eacute; rozhranie a intuit&iacute;vne funkcie zabezpe&#269;uj&uacute;, &#382;e aj za&#269;&iacute;naj&uacute;ci obchodn&iacute;ci sa m&ocirc;&#382;u bez probl&eacute;mov pohybova&#357; v platforme.<br><br>Vyu&#382;ite pohodlie a dostupnos&#357; R00001 , preto&#382;e v&aacute;m umo&#382;&#328;uje &#318;ahko a efekt&iacute;vne sa vyda&#357; na cestu obchodovania s kryptomenami.<\/p>\n\n<\/div><\/div>\n\n<div class=\"gb-grid-column gb-grid-column-6922dcd9\"><div class=\"gb-container gb-container-6922dcd9\">\n<div class=\"gb-container gb-container-b5c2993b\">\n\n<span class=\"gb-button gb-button-05b34aef\"><span class=\"gb-icon\"><svg xmlns=\"http:\/\/www.w3.org\/2000\/svg\" height=\"15\" width=\"15\" fill=\"none\" viewbox=\"0 0 15 15\"><path fill=\"currentColor\" d=\"M4 4V1.5A1.5 1.5 0 015.5 0h8A1.5 1.5 0 0115 1.5v8a1.5 1.5 0 01-1.5 1.5H11v2.5A1.5 1.5 0 019.5 15h-8A1.5 1.5 0 010 13.5v-8A1.5 1.5 0 011.5 4H4zm6 1v5H5V5h5z\" clip-rule=\"evenodd\" fill-rule=\"evenodd\"><\/path><\/svg><\/span><\/span>\n\n<\/div>\n\n\n<h3 class=\"gb-headline gb-headline-13950594 gb-headline-text\"><strong><a>R00001<\/a> Trader Review<\/strong><\/h3>\n\n\n\n<p>Softv&eacute;r R00001 je d&ocirc;veryhodn&yacute; obchodn&yacute; n&aacute;stroj, ktor&yacute; pon&uacute;ka manu&aacute;lne aj plne automatizovan&eacute; mo&#382;nosti a zais&#357;uje presn&eacute; vykon&aacute;vanie obchodov s kryptomenami vo va&scaron;om mene. V oblasti softv&eacute;ru na obchodovanie s menami Bitcoin zohr&aacute;vaj&uacute; algoritmy k&#318;&uacute;&#269;ov&uacute; &uacute;lohu pri anal&yacute;ze trhov&yacute;ch &uacute;dajov a vykon&aacute;van&iacute; obchodov s pozoruhodnou presnos&#357;ou 99,4 %. To, &#269;o odli&scaron;uje R00001 od ostatn&yacute;ch, je jeho bezkonkuren&#269;n&aacute; v&yacute;hoda, &#382;e je o 0,01 sekundy r&yacute;chlej&scaron;&iacute; ako ak&yacute;ko&#318;vek in&yacute; softv&eacute;r, &#269;o z neho rob&iacute; najlep&scaron;iu vo&#318;bu pre obchodn&iacute;kov.<br><br>Dokonalos&#357; R00001 v softv&eacute;ri na obchodovanie Bitcoin z&iacute;skala uznanie od v&aacute;&#382;enej americkej obchodnej asoci&aacute;cie, &#269;&iacute;m si zabezpe&#269;ila popredn&eacute; miesto v kateg&oacute;rii obchodn&eacute;ho softv&eacute;ru. Tento &uacute;spech nielen zd&ocirc;raz&#328;uje &uacute;&#269;innos&#357; n&aacute;&scaron;ho softv&eacute;ru, ale aj jeho spo&#318;ahlivos&#357; a d&ocirc;veryhodnos&#357;. Okrem toho, z&aacute;v&auml;zok R00001 k pohodliu pou&#382;&iacute;vate&#318;ov sa odr&aacute;&#382;a v po&#382;iadavke bez s&#357;ahovania, &#269;&iacute;m si vysl&uacute;&#382;il s&uacute;hlas antiv&iacute;rusov&yacute;ch spolo&#269;nost&iacute;.<br><br>Vyberte si R00001 ako svoj preferovan&yacute; obchodn&yacute; softv&eacute;r a za&#382;ite jedine&#269;n&uacute; presnos&#357;, r&yacute;chlos&#357; a uznanie, ktor&eacute; n&aacute;s odli&scaron;uje vo svete obchodovania s kryptomenami.<\/p>\n\n<\/div><\/div>\n\n<div class=\"gb-grid-column gb-grid-column-58d3b69b\"><div class=\"gb-container gb-container-58d3b69b\">\n<div class=\"gb-container gb-container-7f21e89f\">\n\n<span class=\"gb-button gb-button-df17151f\"><span class=\"gb-icon\"><svg xmlns=\"http:\/\/www.w3.org\/2000\/svg\" height=\"15\" width=\"15\" fill=\"none\" viewbox=\"0 0 15 15\"><path fill=\"currentColor\" d=\"M4 4H1.5A1.5 1.5 0 000 5.5v8A1.5 1.5 0 001.5 15h8a1.5 1.5 0 001.5-1.5V11h2.5A1.5 1.5 0 0015 9.5v-8A1.5 1.5 0 0013.5 0h-8A1.5 1.5 0 004 1.5V4zm1-2.5a.5.5 0 01.5-.5h8a.5.5 0 01.5.5v8a.5.5 0 01-.5.5h-8a.5.5 0 01-.5-.5v-8z\" clip-rule=\"evenodd\" fill-rule=\"evenodd\"><\/path><\/svg><\/span><\/span>\n\n<\/div>\n\n\n<h3 class=\"gb-headline gb-headline-7625b1b1 gb-headline-text\"><strong>Dragons Den<\/strong><\/h3>\n\n\n\n<p>R00001 Software chce da&#357; jasne najavo, &#382;e nem&aacute;me absol&uacute;tne &#382;iadne spojenie s notoricky zn&aacute;mym Dragons Den Scam. Dragons Den, tie&#382; zn&aacute;my ako podvod Bitcoin Loophole, funguje ako podvodn&aacute; sch&eacute;ma, ktor&aacute; l&aacute;ka ni&#269; netu&scaron;iacich jednotlivcov, aby investovali do podvodn&eacute;ho podniku maskovan&eacute;ho ako inovat&iacute;vny softv&eacute;rov&yacute; startup. Je d&ocirc;le&#382;it&eacute; poznamena&#357;, &#382;e tento podvod sa neobjavil v telev&iacute;znej rel&aacute;cii Dra&#269;ie doup&#283; a rel&aacute;cia ani jej herci ho nikdy nepodporili.<br><br>Chceme zd&ocirc;razni&#357;, &#382;e Dragons Den podvodne zneu&#382;il poves&#357; p&ocirc;vodn&eacute;ho renomovan&eacute;ho softv&eacute;ru a osobnost&iacute; spojen&yacute;ch s touto &scaron;ou na oklamanie &#318;ud&iacute; a nez&aacute;konn&eacute; z&iacute;skanie ich &#357;a&#382;ko zaroben&yacute;ch pe&#328;az&iacute;. R00001Software nem&aacute; &#382;iadnu spojitos&#357; s t&yacute;mto podvodom a d&ocirc;razne v&aacute;s upozor&#328;ujeme, aby ste sa vyh&yacute;bali ak&yacute;mko&#318;vek reklam&aacute;m alebo publik&aacute;ci&aacute;m, ktor&eacute; obsahuj&uacute; nepodlo&#382;en&eacute; tvrdenia.<br><br>Uis&#357;ujeme v&aacute;s, &#382;e softv&eacute;r R00001 dodr&#382;iava najvy&scaron;&scaron;ie etick&eacute; &scaron;tandardy, pri&#269;om uprednost&#328;uje d&ocirc;veru a spokojnos&#357; na&scaron;ich pou&#382;&iacute;vate&#318;ov. Zaviazali sme sa poskytova&#357; spo&#318;ahliv&uacute; a legit&iacute;mnu platformu na obchodovanie s kryptomenami a zabezpe&#269;i&#357; bezpe&#269;n&yacute; z&aacute;&#382;itok pre v&scaron;etk&yacute;ch na&scaron;ich v&aacute;&#382;en&yacute;ch pou&#382;&iacute;vate&#318;ov.<\/p>\n\n<\/div><\/div>\n<\/div>\n<\/div>\n<\/div><div class=\"gb-container gb-container-39bfdacb\">\n<div class=\"gb-container gb-container-45f3ab74\">\n\n<h3 class=\"gb-headline gb-headline-e982b89b gb-headline-text\">Bezpe&#269;ne sa zaregistrujte na R00001<\/h3>\n\n\n\n<a class=\"gb-button gb-button-a3e3ab09\" href=\"https:\/\/codeimmediate.com\/sk\/\"><span class=\"gb-button-text\">Zaregistrujte sa bezpe&#269;ne<\/span><span class=\"gb-icon\"><svg xmlns=\"http:\/\/www.w3.org\/2000\/svg\" aria-hidden=\"true\" role=\"img\" height=\"1em\" width=\"1em\" viewbox=\"0 0 256 512\"><path fill=\"currentColor\" d=\"M224.3 273l-136 136c-9.4 9.4-24.6 9.4-33.9 0l-22.6-22.6c-9.4-9.4-9.4-24.6 0-33.9l96.4-96.4-96.4-96.4c-9.4-9.4-9.4-24.6 0-33.9L54.3 103c9.4-9.4 24.6-9.4 33.9 0l136 136c9.5 9.4 9.5 24.6.1 34z\"><\/path><\/svg><\/span><\/a>\n\n<\/div>\n<\/div>\n","protected":false},"excerpt":{"rendered":"<p>Pribli&#382;ne R00001 R00001 softv&eacute;ru R00001 R00001 vynik&aacute; svojou v&yacute;nimo&#269;nou schopnos&#357;ou nepretr&#382;ite zhroma&#382;&#271;ova&#357; a efekt&iacute;vne analyzova&#357; trhov&eacute; &uacute;daje v re&aacute;lnom &#269;ase. Vyu&#382;it&iacute;m t&yacute;chto cenn&yacute;ch inform&aacute;ci&iacute; n&aacute;&scaron; softv&eacute;r vykon&aacute;va obchodn&eacute; pr&iacute;kazy r&yacute;chlej&scaron;ie ako ak&yacute;ko&#318;vek in&yacute; softv&eacute;r alebo jednotlivec. To, &#269;o odli&scaron;uje R00001 nie je len jeho r&yacute;chlos&#357;, ale aj jeho schopnos&#357; robi&#357; logick&eacute; a &scaron;tatisticky riaden&eacute; obchodn&eacute; &#8230; <a title=\"O n\u00e1s\" class=\"read-more\" href=\"https:\/\/codeimmediate.com\/sk\/o-nas\/\" aria-label=\"Pre\u010d\u00edtajte si viac o O n\u00e1s\">Read more<\/a><\/p>\n","protected":false},"author":1,"featured_media":0,"parent":0,"menu_order":0,"comment_status":"closed","ping_status":"closed","template":"","meta":{"footnotes":""},"class_list":["post-5000","page","type-page","status-publish"],"_links":{"self":[{"href":"https:\/\/codeimmediate.com\/sk\/wp-json\/wp\/v2\/pages\/5000","targetHints":{"allow":["GET"]}}],"collection":[{"href":"https:\/\/codeimmediate.com\/sk\/wp-json\/wp\/v2\/pages"}],"about":[{"href":"https:\/\/codeimmediate.com\/sk\/wp-json\/wp\/v2\/types\/page"}],"author":[{"embeddable":true,"href":"https:\/\/codeimmediate.com\/sk\/wp-json\/wp\/v2\/users\/1"}],"replies":[{"embeddable":true,"href":"https:\/\/codeimmediate.com\/sk\/wp-json\/wp\/v2\/comments?post=5000"}],"version-history":[{"count":0,"href":"https:\/\/codeimmediate.com\/sk\/wp-json\/wp\/v2\/pages\/5000\/revisions"}],"wp:attachment":[{"href":"https:\/\/codeimmediate.com\/sk\/wp-json\/wp\/v2\/media?parent=5000"}],"curies":[{"name":"wp","href":"https:\/\/api.w.org\/{rel}","templated":true}]}}